{"id":816,"date":"2024-04-08T14:50:24","date_gmt":"2024-04-08T14:50:24","guid":{"rendered":"https:\/\/assurancesogas.site\/?page_id=816"},"modified":"2024-04-15T12:19:23","modified_gmt":"2024-04-15T11:19:23","slug":"miltirisque-commercant-al-hirafi","status":"publish","type":"page","link":"https:\/\/assurancesogas.site\/index.php\/miltirisque-commercant-al-hirafi\/","title":{"rendered":"Miltirisque Commer\u00e7ant Al Hirafi"},"content":{"rendered":"\t\t<div data-elementor-type=\"wp-page\" data-elementor-id=\"816\" class=\"elementor elementor-816\" data-elementor-post-type=\"page\">\n\t\t\t\t<div class=\"elementor-element elementor-element-ce70421 e-flex e-con-boxed e-con e-parent\" data-id=\"ce70421\" data-element_type=\"container\">\n\t\t\t\t\t<div class=\"e-con-inner\">\n\t\t\t\t<div class=\"elementor-element elementor-element-a5128d0 elementor-widget elementor-widget-image\" data-id=\"a5128d0\" data-element_type=\"widget\" data-widget_type=\"image.default\">\n\t\t\t\t<div class=\"elementor-widget-container\">\n\t\t\t\t\t\t\t\t\t\t\t\t\t<img fetchpriority=\"high\" decoding=\"async\" width=\"800\" height=\"600\" src=\"https:\/\/assurancesogas.site\/wp-content\/uploads\/2024\/04\/bois-1024x768.jpg\" class=\"attachment-large size-large wp-image-926\" alt=\"\" srcset=\"https:\/\/assurancesogas.site\/wp-content\/uploads\/2024\/04\/bois-1024x768.jpg 1024w, https:\/\/assurancesogas.site\/wp-content\/uploads\/2024\/04\/bois-300x225.jpg 300w, https:\/\/assurancesogas.site\/wp-content\/uploads\/2024\/04\/bois-768x576.jpg 768w, https:\/\/assurancesogas.site\/wp-content\/uploads\/2024\/04\/bois-1536x1152.jpg 1536w, https:\/\/assurancesogas.site\/wp-content\/uploads\/2024\/04\/bois.jpg 1600w\" sizes=\"(max-width: 800px) 100vw, 800px\" \/>\t\t\t\t\t\t\t\t\t\t\t\t\t<\/div>\n\t\t\t\t<\/div>\n\t\t\t\t\t<\/div>\n\t\t\t\t<\/div>\n\t\t<div class=\"elementor-element elementor-element-55ed454 e-flex e-con-boxed e-con e-parent\" data-id=\"55ed454\" data-element_type=\"container\">\n\t\t\t\t\t<div class=\"e-con-inner\">\n\t\t\t\t<div class=\"elementor-element elementor-element-87a0661 elementor-widget elementor-widget-heading\" data-id=\"87a0661\" data-element_type=\"widget\" data-widget_type=\"heading.default\">\n\t\t\t\t<div class=\"elementor-widget-container\">\n\t\t\t<h2 class=\"elementor-heading-title elementor-size-default\">Miltirisque commercant Al Hirafi<\/h2>\t\t<\/div>\n\t\t\t\t<\/div>\n\t\t\t\t\t<\/div>\n\t\t\t\t<\/div>\n\t\t<div class=\"elementor-element elementor-element-611b207 e-flex e-con-boxed e-con e-parent\" data-id=\"611b207\" data-element_type=\"container\">\n\t\t\t\t\t<div class=\"e-con-inner\">\n\t\t\t\t<div class=\"elementor-element elementor-element-f92486c elementor-widget elementor-widget-text-editor\" data-id=\"f92486c\" data-element_type=\"widget\" data-widget_type=\"text-editor.default\">\n\t\t\t\t<div class=\"elementor-widget-container\">\n\t\t\t\t\t\t\t<p>En tant qu&rsquo;artiste, entrepreneur, entrepreneur ou prestataire de services, il est important de prot\u00e9gez votre carri\u00e8re. Avec l&rsquo;assurance Multi-mort Al Hirafi Marchand de SOGAS ASSURANCE, vous b\u00e9n\u00e9ficierez d&rsquo;une solution adapt\u00e9e \u00e0 vos besoins et souhaits et travaillerez en toute s\u00e9r\u00e9nit\u00e9.<\/p><h1>Qui propose ces offres ?<\/h1><p>Pour les entreprises de moins de 20 salari\u00e9s, m\u00eame si cela fait partie du m\u00e9tier, pour les techniciens du b\u00e2timent et de l&rsquo;automobile, il est con\u00e7u pour un m\u00e9tier pr\u00e9cis.<\/p><h1>Est-ce vrai ?<\/h1><p>L&rsquo;assurance multirisque commerciale Al Hirafi prot\u00e8ge votre croissance avec des services professionnels, prot\u00e9geant votre \u00e9quipement contre les dommages, prot\u00e9geant vos finances et vous aidant \u00e0 profiter des accidents.<\/p>\t\t\t\t\t\t<\/div>\n\t\t\t\t<\/div>\n\t\t\t\t\t<\/div>\n\t\t\t\t<\/div>\n\t\t<div class=\"elementor-element elementor-element-1adc8e1 e-flex e-con-boxed e-con e-parent\" data-id=\"1adc8e1\" data-element_type=\"container\">\n\t\t\t\t\t<div class=\"e-con-inner\">\n\t\t\t\t<div class=\"elementor-element elementor-element-eaa5bc5 elementor-align-center elementor-widget elementor-widget-button\" data-id=\"eaa5bc5\" data-element_type=\"widget\" data-widget_type=\"button.default\">\n\t\t\t\t<div class=\"elementor-widget-container\">\n\t\t\t\t\t\t\t<div class=\"elementor-button-wrapper\">\n\t\t\t\t\t<a class=\"elementor-button elementor-button-link elementor-size-sm\" href=\"https:\/\/assurancesogas.site\/index.php\/contact\/\">\n\t\t\t\t\t\t<span class=\"elementor-button-content-wrapper\">\n\t\t\t\t\t\t\t\t\t<span class=\"elementor-button-text\">En savoir plus <\/span>\n\t\t\t\t\t<\/span>\n\t\t\t\t\t<\/a>\n\t\t\t\t<\/div>\n\t\t\t\t\t\t<\/div>\n\t\t\t\t<\/div>\n\t\t\t\t\t<\/div>\n\t\t\t\t<\/div>\n\t\t\t\t<\/div>\n\t\t","protected":false},"excerpt":{"rendered":"<p>Miltirisque commercant Al Hirafi En tant qu&rsquo;artiste, entrepreneur, entrepreneur ou prestataire de services, il est important de prot\u00e9gez votre carri\u00e8re. Avec l&rsquo;assurance Multi-mort Al Hirafi Marchand de SOGAS ASSURANCE, vous b\u00e9n\u00e9ficierez d&rsquo;une solution adapt\u00e9e \u00e0 vos besoins et souhaits et travaillerez en toute s\u00e9r\u00e9nit\u00e9. Qui propose ces offres ? Pour les entreprises de moins de [&hellip;]<\/p>\n","protected":false},"author":1,"featured_media":0,"parent":0,"menu_order":0,"comment_status":"closed","ping_status":"closed","template":"","meta":{"_monsterinsights_skip_tracking":false,"_monsterinsights_sitenote_active":false,"_monsterinsights_sitenote_note":"","_monsterinsights_sitenote_category":0,"footnotes":""},"class_list":["post-816","page","type-page","status-publish","hentry"],"aioseo_notices":[],"_links":{"self":[{"href":"https:\/\/assurancesogas.site\/index.php\/wp-json\/wp\/v2\/pages\/816","targetHints":{"allow":["GET"]}}],"collection":[{"href":"https:\/\/assurancesogas.site\/index.php\/wp-json\/wp\/v2\/pages"}],"about":[{"href":"https:\/\/assurancesogas.site\/index.php\/wp-json\/wp\/v2\/types\/page"}],"author":[{"embeddable":true,"href":"https:\/\/assurancesogas.site\/index.php\/wp-json\/wp\/v2\/users\/1"}],"replies":[{"embeddable":true,"href":"https:\/\/assurancesogas.site\/index.php\/wp-json\/wp\/v2\/comments?post=816"}],"version-history":[{"count":7,"href":"https:\/\/assurancesogas.site\/index.php\/wp-json\/wp\/v2\/pages\/816\/revisions"}],"predecessor-version":[{"id":932,"href":"https:\/\/assurancesogas.site\/index.php\/wp-json\/wp\/v2\/pages\/816\/revisions\/932"}],"wp:attachment":[{"href":"https:\/\/assurancesogas.site\/index.php\/wp-json\/wp\/v2\/media?parent=816"}],"curies":[{"name":"wp","href":"https:\/\/api.w.org\/{rel}","templated":true}]}}