{"id":787,"date":"2024-04-08T14:13:40","date_gmt":"2024-04-08T14:13:40","guid":{"rendered":"https:\/\/assurancesogas.site\/?page_id=787"},"modified":"2024-04-17T14:13:04","modified_gmt":"2024-04-17T13:13:04","slug":"multirisques-plaisance","status":"publish","type":"page","link":"https:\/\/assurancesogas.site\/index.php\/multirisques-plaisance\/","title":{"rendered":"Multirisques Plaisance"},"content":{"rendered":"\t\t<div data-elementor-type=\"wp-page\" data-elementor-id=\"787\" class=\"elementor elementor-787\" data-elementor-post-type=\"page\">\n\t\t\t\t<div class=\"elementor-element elementor-element-f21b031 e-flex e-con-boxed e-con e-parent\" data-id=\"f21b031\" data-element_type=\"container\">\n\t\t\t\t\t<div class=\"e-con-inner\">\n\t\t\t\t<div class=\"elementor-element elementor-element-48f3c44 elementor-widget elementor-widget-image\" data-id=\"48f3c44\" data-element_type=\"widget\" data-widget_type=\"image.default\">\n\t\t\t\t<div class=\"elementor-widget-container\">\n\t\t\t\t\t\t\t\t\t\t\t\t\t<img fetchpriority=\"high\" decoding=\"async\" width=\"547\" height=\"1024\" src=\"https:\/\/assurancesogas.site\/wp-content\/uploads\/2024\/04\/5ba45880-d64b-484f-bd37-0af9cfc6c98f-547x1024.jpeg\" class=\"attachment-large size-large wp-image-1066\" alt=\"\" srcset=\"https:\/\/assurancesogas.site\/wp-content\/uploads\/2024\/04\/5ba45880-d64b-484f-bd37-0af9cfc6c98f-547x1024.jpeg 547w, https:\/\/assurancesogas.site\/wp-content\/uploads\/2024\/04\/5ba45880-d64b-484f-bd37-0af9cfc6c98f-160x300.jpeg 160w, https:\/\/assurancesogas.site\/wp-content\/uploads\/2024\/04\/5ba45880-d64b-484f-bd37-0af9cfc6c98f.jpeg 684w\" sizes=\"(max-width: 547px) 100vw, 547px\" \/>\t\t\t\t\t\t\t\t\t\t\t\t\t<\/div>\n\t\t\t\t<\/div>\n\t\t\t\t\t<\/div>\n\t\t\t\t<\/div>\n\t\t<div class=\"elementor-element elementor-element-9378c11 e-flex e-con-boxed e-con e-parent\" data-id=\"9378c11\" data-element_type=\"container\">\n\t\t\t\t\t<div class=\"e-con-inner\">\n\t\t\t\t<div class=\"elementor-element elementor-element-017f0d7 elementor-widget elementor-widget-heading\" data-id=\"017f0d7\" data-element_type=\"widget\" data-widget_type=\"heading.default\">\n\t\t\t\t<div class=\"elementor-widget-container\">\n\t\t\t<h2 class=\"elementor-heading-title elementor-size-default\">MULTIRISQUES PLAISANCE<\/h2>\t\t<\/div>\n\t\t\t\t<\/div>\n\t\t\t\t\t<\/div>\n\t\t\t\t<\/div>\n\t\t<div class=\"elementor-element elementor-element-e71cb50 e-flex e-con-boxed e-con e-parent\" data-id=\"e71cb50\" data-element_type=\"container\">\n\t\t\t\t\t<div class=\"e-con-inner\">\n\t\t\t\t<div class=\"elementor-element elementor-element-c6beb68 elementor-widget elementor-widget-text-editor\" data-id=\"c6beb68\" data-element_type=\"widget\" data-widget_type=\"text-editor.default\">\n\t\t\t\t<div class=\"elementor-widget-container\">\n\t\t\t\t\t\t\t<h1>Assurance Multirisques Plaisance : Prot\u00e9gez votre plaisir en mer<\/h1><p>La plaisance, qu&rsquo;elle soit pratiqu\u00e9e \u00e0 des fins de loisirs ou professionnelles, offre une exp\u00e9rience incomparable sur les eaux. Cependant, naviguer comporte des risques inh\u00e9rents, qu&rsquo;il s&rsquo;agisse de dommages \u00e0 l&#8217;embarcation, de responsabilit\u00e9 civile envers les tiers ou de pertes mat\u00e9rielles. Pour garantir la tranquillit\u00e9 d&rsquo;esprit des propri\u00e9taires de bateaux, l&rsquo;assurance multirisques plaisance se r\u00e9v\u00e8le indispensable. Dans cet article, nous explorerons en d\u00e9tail ce type de couverture et r\u00e9pondrons aux questions les plus fr\u00e9quemment pos\u00e9es \u00e0 son sujet.<\/p><h2>\u00a0Qu&rsquo;est-ce que l&rsquo;assurance multirisques plaisance ?<\/h2><p>L&rsquo;assurance multirisques plaisance est une forme de protection con\u00e7ue sp\u00e9cifiquement pour les propri\u00e9taires de bateaux de plaisance. Elle couvre une gamme \u00e9tendue de risques, y compris les dommages caus\u00e9s \u00e0 l&#8217;embarcation elle-m\u00eame, la responsabilit\u00e9 civile en cas d&rsquo;accident impliquant le bateau et les tiers, ainsi que d&rsquo;autres incidents tels que le vol ou le vandalisme.<\/p><p>### Les principaux avantages de l&rsquo;assurance multirisques plaisance :<\/p><h3>1. Protection compl\u00e8te de votre investissement :<\/h3><p>En cas de dommages caus\u00e9s \u00e0 votre bateau, qu&rsquo;il s&rsquo;agisse d&rsquo;une collision, d&rsquo;un incendie ou d&rsquo;une temp\u00eate, l&rsquo;assurance multirisques plaisance couvre les frais de r\u00e9paration ou de remplacement de l&#8217;embarcation.<\/p><h3>2. Responsabilit\u00e9 civile \u00e9tendue :<\/h3><p>Si votre bateau est impliqu\u00e9 dans un accident causant des dommages mat\u00e9riels ou des blessures \u00e0 des tiers, l&rsquo;assurance multirisques plaisance prend en charge les frais juridiques et les indemnit\u00e9s.<\/p><h3>3. Couverture contre le vol et le vandalisme :<\/h3><p>En cas de vol de votre bateau ou de ses \u00e9quipements, ou en cas de vandalisme, votre assurance peut vous aider \u00e0 r\u00e9cup\u00e9rer les pertes financi\u00e8res.<\/p><h3>4. Assistance en mer :<\/h3><p>Certains contrats d&rsquo;assurance offrent une assistance en mer en cas de panne ou de besoin de remorquage.<\/p><p>\u00a0FAQ sur l&rsquo;assurance multirisques plaisance :<\/p><h4>\u00a0Mon bateau est-il \u00e9ligible \u00e0 une assurance multirisques plaisance ?<\/h4><p>La plupart des types de bateaux de plaisance, y compris les voiliers, les bateaux \u00e0 moteur, les yachts et les jet-skis, sont \u00e9ligibles \u00e0 une assurance multirisques plaisance. Cependant, les crit\u00e8res d&rsquo;\u00e9ligibilit\u00e9 peuvent varier selon l&rsquo;assureur, il est donc recommand\u00e9 de v\u00e9rifier aupr\u00e8s de votre compagnie d&rsquo;assurance.<\/p><h4>Quels sont les facteurs qui influent sur le co\u00fbt de l&rsquo;assurance multirisques plaisance ?<\/h4><p>Le co\u00fbt de l&rsquo;assurance d\u00e9pend de plusieurs facteurs, notamment la valeur et la taille du bateau, le type de couverture souhait\u00e9, l&rsquo;exp\u00e9rience de navigation du propri\u00e9taire et le lieu de navigation pr\u00e9vu. Les bateaux naviguant dans des zones \u00e0 risque plus \u00e9lev\u00e9 peuvent \u00eatre soumis \u00e0 des primes plus \u00e9lev\u00e9es.<\/p><h4>Est-il obligatoire d&rsquo;avoir une assurance multirisques plaisance ?<\/h4><p>\u00a0En France, l&rsquo;assurance responsabilit\u00e9 civile est obligatoire pour tout bateau de plaisance motoris\u00e9 d&rsquo;une puissance de plus de 6 chevaux (4,5 kilowatts). Cependant, souscrire une assurance multirisques plaisance est fortement recommand\u00e9 pour une protection compl\u00e8te de votre investissement.<\/p><h2>\u00a0Conclusion<\/h2><p>Naviguer est une activit\u00e9 enrichissante, mais elle comporte \u00e9galement des risques. L&rsquo;assurance multirisques plaisance offre une protection essentielle pour les propri\u00e9taires de bateaux, en couvrant une gamme \u00e9tendue de risques potentiels. Avant de prendre la mer, assurez-vous d&rsquo;avoir la couverture ad\u00e9quate pour naviguer en toute tranquillit\u00e9 d&rsquo;esprit.<\/p>\t\t\t\t\t\t<\/div>\n\t\t\t\t<\/div>\n\t\t\t\t\t<\/div>\n\t\t\t\t<\/div>\n\t\t<div class=\"elementor-element elementor-element-ac7b3f0 e-flex e-con-boxed e-con e-parent\" data-id=\"ac7b3f0\" data-element_type=\"container\">\n\t\t\t\t\t<div class=\"e-con-inner\">\n\t\t\t\t<div class=\"elementor-element elementor-element-cd5750e elementor-view-default elementor-position-top elementor-mobile-position-top elementor-widget elementor-widget-icon-box\" data-id=\"cd5750e\" data-element_type=\"widget\" data-widget_type=\"icon-box.default\">\n\t\t\t\t<div class=\"elementor-widget-container\">\n\t\t\t\t\t<div class=\"elementor-icon-box-wrapper\">\n\n\t\t\t\t\t\t<div class=\"elementor-icon-box-icon\">\n\t\t\t\t<a href=\"https:\/\/assurancesogas.site\/index.php\/contact\/\" class=\"elementor-icon elementor-animation-\" tabindex=\"-1\">\n\t\t\t\t<svg aria-hidden=\"true\" class=\"e-font-icon-svg e-fas-phone-square-alt\" viewBox=\"0 0 448 512\" xmlns=\"http:\/\/www.w3.org\/2000\/svg\"><path d=\"M400 32H48A48 48 0 0 0 0 80v352a48 48 0 0 0 48 48h352a48 48 0 0 0 48-48V80a48 48 0 0 0-48-48zm-16.39 307.37l-15 65A15 15 0 0 1 354 416C194 416 64 286.29 64 126a15.7 15.7 0 0 1 11.63-14.61l65-15A18.23 18.23 0 0 1 144 96a16.27 16.27 0 0 1 13.79 9.09l30 70A17.9 17.9 0 0 1 189 181a17 17 0 0 1-5.5 11.61l-37.89 31a231.91 231.91 0 0 0 110.78 110.78l31-37.89A17 17 0 0 1 299 291a17.85 17.85 0 0 1 5.91 1.21l70 30A16.25 16.25 0 0 1 384 336a17.41 17.41 0 0 1-.39 3.37z\"><\/path><\/svg>\t\t\t\t<\/a>\n\t\t\t<\/div>\n\t\t\t\n\t\t\t\t\t\t<div class=\"elementor-icon-box-content\">\n\n\t\t\t\t\t\t\t\t\t<h3 class=\"elementor-icon-box-title\">\n\t\t\t\t\t\t<a href=\"https:\/\/assurancesogas.site\/index.php\/contact\/\" >\n\t\t\t\t\t\t\tcontactez-nous !\t\t\t\t\t\t<\/a>\n\t\t\t\t\t<\/h3>\n\t\t\t\t\n\t\t\t\t\t\t\t\t\t<p class=\"elementor-icon-box-description\">\n\t\t\t\t\t\tLorem ipsum dolor sit amet, consectetur adipiscing elit. Ut elit tellus, luctus nec ullamcorper mattis, pulvinar dapibus leo.\t\t\t\t\t<\/p>\n\t\t\t\t\n\t\t\t<\/div>\n\t\t\t\n\t\t<\/div>\n\t\t\t\t<\/div>\n\t\t\t\t<\/div>\n\t\t\t\t\t<\/div>\n\t\t\t\t<\/div>\n\t\t<div class=\"elementor-element elementor-element-12f9ec7 e-flex e-con-boxed e-con e-parent\" data-id=\"12f9ec7\" data-element_type=\"container\">\n\t\t\t\t\t<div class=\"e-con-inner\">\n\t\t\t\t<div class=\"elementor-element elementor-element-757c421 elementor-align-center elementor-widget elementor-widget-button\" data-id=\"757c421\" data-element_type=\"widget\" data-widget_type=\"button.default\">\n\t\t\t\t<div class=\"elementor-widget-container\">\n\t\t\t\t\t\t\t<div class=\"elementor-button-wrapper\">\n\t\t\t\t\t<a class=\"elementor-button elementor-button-link elementor-size-sm\" href=\"https:\/\/assurancesogas.site\/index.php\/contact\/\">\n\t\t\t\t\t\t<span class=\"elementor-button-content-wrapper\">\n\t\t\t\t\t\t\t\t\t<span class=\"elementor-button-text\">contactez-nous !<\/span>\n\t\t\t\t\t<\/span>\n\t\t\t\t\t<\/a>\n\t\t\t\t<\/div>\n\t\t\t\t\t\t<\/div>\n\t\t\t\t<\/div>\n\t\t\t\t\t<\/div>\n\t\t\t\t<\/div>\n\t\t\t\t<\/div>\n\t\t","protected":false},"excerpt":{"rendered":"<p>MULTIRISQUES PLAISANCE Assurance Multirisques Plaisance : Prot\u00e9gez votre plaisir en mer La plaisance, qu&rsquo;elle soit pratiqu\u00e9e \u00e0 des fins de loisirs ou professionnelles, offre une exp\u00e9rience incomparable sur les eaux. Cependant, naviguer comporte des risques inh\u00e9rents, qu&rsquo;il s&rsquo;agisse de dommages \u00e0 l&#8217;embarcation, de responsabilit\u00e9 civile envers les tiers ou de pertes mat\u00e9rielles. Pour garantir la [&hellip;]<\/p>\n","protected":false},"author":1,"featured_media":0,"parent":0,"menu_order":0,"comment_status":"closed","ping_status":"closed","template":"","meta":{"_monsterinsights_skip_tracking":false,"_monsterinsights_sitenote_active":false,"_monsterinsights_sitenote_note":"","_monsterinsights_sitenote_category":0,"footnotes":""},"class_list":["post-787","page","type-page","status-publish","hentry"],"aioseo_notices":[],"_links":{"self":[{"href":"https:\/\/assurancesogas.site\/index.php\/wp-json\/wp\/v2\/pages\/787","targetHints":{"allow":["GET"]}}],"collection":[{"href":"https:\/\/assurancesogas.site\/index.php\/wp-json\/wp\/v2\/pages"}],"about":[{"href":"https:\/\/assurancesogas.site\/index.php\/wp-json\/wp\/v2\/types\/page"}],"author":[{"embeddable":true,"href":"https:\/\/assurancesogas.site\/index.php\/wp-json\/wp\/v2\/users\/1"}],"replies":[{"embeddable":true,"href":"https:\/\/assurancesogas.site\/index.php\/wp-json\/wp\/v2\/comments?post=787"}],"version-history":[{"count":4,"href":"https:\/\/assurancesogas.site\/index.php\/wp-json\/wp\/v2\/pages\/787\/revisions"}],"predecessor-version":[{"id":1069,"href":"https:\/\/assurancesogas.site\/index.php\/wp-json\/wp\/v2\/pages\/787\/revisions\/1069"}],"wp:attachment":[{"href":"https:\/\/assurancesogas.site\/index.php\/wp-json\/wp\/v2\/media?parent=787"}],"curies":[{"name":"wp","href":"https:\/\/api.w.org\/{rel}","templated":true}]}}