{"id":755,"date":"2024-04-08T13:50:25","date_gmt":"2024-04-08T13:50:25","guid":{"rendered":"https:\/\/assurancesogas.site\/?page_id=755"},"modified":"2024-04-16T15:32:33","modified_gmt":"2024-04-16T14:32:33","slug":"individuelle-accidents-vie-privee-professionnelle","status":"publish","type":"page","link":"https:\/\/assurancesogas.site\/index.php\/individuelle-accidents-vie-privee-professionnelle\/","title":{"rendered":"Individuelle accidents vie priv\u00e9e &#038; professionnelle"},"content":{"rendered":"\t\t<div data-elementor-type=\"wp-page\" data-elementor-id=\"755\" class=\"elementor elementor-755\" data-elementor-post-type=\"page\">\n\t\t\t\t<div class=\"elementor-element elementor-element-8e34ed5 e-flex e-con-boxed e-con e-parent\" data-id=\"8e34ed5\" data-element_type=\"container\">\n\t\t\t\t\t<div class=\"e-con-inner\">\n\t\t\t\t<div class=\"elementor-element elementor-element-6b7a831 elementor-widget elementor-widget-heading\" data-id=\"6b7a831\" data-element_type=\"widget\" data-widget_type=\"heading.default\">\n\t\t\t\t<div class=\"elementor-widget-container\">\n\t\t\t<h2 class=\"elementor-heading-title elementor-size-default\">INDIVIDUELLE ACCIDENTS VIE PRIV\u00c9E &amp; PROFESSIONNELLE<\/h2>\t\t<\/div>\n\t\t\t\t<\/div>\n\t\t\t\t\t<\/div>\n\t\t\t\t<\/div>\n\t\t<div class=\"elementor-element elementor-element-e53e99c e-flex e-con-boxed e-con e-parent\" data-id=\"e53e99c\" data-element_type=\"container\">\n\t\t\t\t\t<div class=\"e-con-inner\">\n\t\t\t\t<div class=\"elementor-element elementor-element-a671a8d elementor-widget elementor-widget-text-editor\" data-id=\"a671a8d\" data-element_type=\"widget\" data-widget_type=\"text-editor.default\">\n\t\t\t\t<div class=\"elementor-widget-container\">\n\t\t\t\t\t\t\t<h1>Assurance Individuelle Accidents : Prot\u00e9gez votre Vie Priv\u00e9e et Professionnelle<\/h1><p>Que vous soyez chez vous, au travail ou en voyage, les accidents peuvent survenir \u00e0 tout moment, entra\u00eenant des cons\u00e9quences financi\u00e8res et personnelles importantes. Pour vous prot\u00e9ger, ainsi que votre famille, contre les impr\u00e9vus de la vie, souscrire une assurance individuelle accidents pour la vie priv\u00e9e et professionnelle est une d\u00e9marche essentielle.<\/p><h2>Pourquoi souscrire une assurance individuelle accidents ?<\/h2><p>L&rsquo;assurance individuelle accidents est con\u00e7ue pour offrir une protection financi\u00e8re en cas d&rsquo;accident, qu&rsquo;il survienne dans le cadre de votre vie priv\u00e9e ou professionnelle. Voici quelques raisons pour lesquelles cette assurance est indispensable :<\/p><h3>1.Couverture \u00e9tendue:<\/h3><p>Une assurance individuelle accidents offre une couverture \u00e9tendue qui va au-del\u00e0 de ce que couvrent les assurances traditionnelles telles que l&rsquo;assurance maladie ou l&rsquo;assurance responsabilit\u00e9 civile. Elle peut prendre en charge les frais m\u00e9dicaux, les indemnit\u00e9s journali\u00e8res en cas d&rsquo;incapacit\u00e9 temporaire, et m\u00eame une rente ou un capital en cas d&rsquo;invalidit\u00e9 permanente ou de d\u00e9c\u00e8s.<\/p><h3>2. Protection compl\u00e8te :<\/h3><p>Que vous soyez \u00e0 la maison, au travail, en voyage ou en loisirs, cette assurance vous couvre en cas d&rsquo;accident, quelle que soit la situation. Elle vous procure ainsi une tranquillit\u00e9 d&rsquo;esprit en sachant que vous \u00eates prot\u00e9g\u00e9 en toutes circonstances.<\/p><h3>3. Compensation financi\u00e8re :<\/h3><p>En cas d&rsquo;accident entra\u00eenant une incapacit\u00e9 temporaire ou permanente, l&rsquo;assurance individuelle accidents vous offre une compensation financi\u00e8re pour compenser la perte de revenu et faire face aux d\u00e9penses suppl\u00e9mentaires li\u00e9es \u00e0 votre convalescence.<\/p><h3>4. Protection pour toute la famille :<\/h3><p>Certaines polices d&rsquo;assurance individuelle accidents offrent une couverture \u00e9tendue pour toute la famille, ce qui signifie que vos proches b\u00e9n\u00e9ficient \u00e9galement de la m\u00eame protection en cas d&rsquo;accident.<\/p><h2>\u00a0Comment choisir la bonne assurance individuelle accidents ?<\/h2><p>Pour choisir la meilleure assurance individuelle accidents pour vos besoins, voici quelques points \u00e0 prendre en consid\u00e9ration :<\/p><h3>1. Niveau de couverture:<\/h3><p>\u00c9valuez vos besoins en mati\u00e8re de couverture en fonction de votre mode de vie, de votre profession et de vos responsabilit\u00e9s familiales. Assurez-vous que la police offre une couverture adapt\u00e9e \u00e0 vos besoins sp\u00e9cifiques.<\/p><h3>2. Options suppl\u00e9mentaires:<\/h3><p>Certaines polices d&rsquo;assurance individuelle accidents proposent des options suppl\u00e9mentaires telles que la couverture des frais m\u00e9dicaux \u00e0 l&rsquo;\u00e9tranger, une assistance en cas d&rsquo;accident, ou une indemnisation sp\u00e9cifique en cas de fracture. Choisissez les options qui correspondent le mieux \u00e0 vos besoins.<\/p><h3>3.Franchise et prime d&rsquo;assurance:<\/h3><p>Comparez les franchises et les primes d&rsquo;assurance propos\u00e9es par diff\u00e9rents assureurs pour trouver la meilleure offre en fonction de votre budget.<\/p><h3>4. R\u00e9putation de l&rsquo;assureur :<\/h3><p>Renseignez-vous sur la r\u00e9putation et la fiabilit\u00e9 de l&rsquo;assureur avant de souscrire une police. Consultez les avis des clients et \u00e9valuez la qualit\u00e9 du service client.<\/p><h1>\u00a0Conclusion<\/h1><p>Souscrire une assurance individuelle accidents pour la vie priv\u00e9e et professionnelle est un moyen efficace de vous prot\u00e9ger, ainsi que votre famille, contre les cons\u00e9quences financi\u00e8res des accidents. En choisissant la bonne assurance et en comprenant les diff\u00e9rents aspects de votre couverture, vous pouvez avoir l&rsquo;esprit tranquille en sachant que vous \u00eates prot\u00e9g\u00e9 en toutes circonstances. Ne laissez pas les impr\u00e9vus de la vie compromettre votre s\u00e9curit\u00e9 financi\u00e8re, souscrivez d\u00e8s aujourd&rsquo;hui \u00e0 une assurance individuelle accidents adapt\u00e9e \u00e0 vos besoins.<\/p>\t\t\t\t\t\t<\/div>\n\t\t\t\t<\/div>\n\t\t\t\t\t<\/div>\n\t\t\t\t<\/div>\n\t\t<div class=\"elementor-element elementor-element-c7c2951 e-flex e-con-boxed e-con e-parent\" data-id=\"c7c2951\" data-element_type=\"container\">\n\t\t\t\t\t<div class=\"e-con-inner\">\n\t\t\t\t<div class=\"elementor-element elementor-element-e59ee98 elementor-view-default elementor-position-top elementor-mobile-position-top elementor-widget elementor-widget-icon-box\" data-id=\"e59ee98\" data-element_type=\"widget\" data-widget_type=\"icon-box.default\">\n\t\t\t\t<div class=\"elementor-widget-container\">\n\t\t\t\t\t<div class=\"elementor-icon-box-wrapper\">\n\n\t\t\t\t\t\t<div class=\"elementor-icon-box-icon\">\n\t\t\t\t<a href=\"https:\/\/assurancesogas.site\/index.php\/contact\/\" class=\"elementor-icon elementor-animation-\" tabindex=\"-1\">\n\t\t\t\t<svg aria-hidden=\"true\" class=\"e-font-icon-svg e-fas-phone-square-alt\" viewBox=\"0 0 448 512\" xmlns=\"http:\/\/www.w3.org\/2000\/svg\"><path d=\"M400 32H48A48 48 0 0 0 0 80v352a48 48 0 0 0 48 48h352a48 48 0 0 0 48-48V80a48 48 0 0 0-48-48zm-16.39 307.37l-15 65A15 15 0 0 1 354 416C194 416 64 286.29 64 126a15.7 15.7 0 0 1 11.63-14.61l65-15A18.23 18.23 0 0 1 144 96a16.27 16.27 0 0 1 13.79 9.09l30 70A17.9 17.9 0 0 1 189 181a17 17 0 0 1-5.5 11.61l-37.89 31a231.91 231.91 0 0 0 110.78 110.78l31-37.89A17 17 0 0 1 299 291a17.85 17.85 0 0 1 5.91 1.21l70 30A16.25 16.25 0 0 1 384 336a17.41 17.41 0 0 1-.39 3.37z\"><\/path><\/svg>\t\t\t\t<\/a>\n\t\t\t<\/div>\n\t\t\t\n\t\t\t\t\t\t<div class=\"elementor-icon-box-content\">\n\n\t\t\t\t\t\t\t\t\t<h3 class=\"elementor-icon-box-title\">\n\t\t\t\t\t\t<a href=\"https:\/\/assurancesogas.site\/index.php\/contact\/\" >\n\t\t\t\t\t\t\tcontactez-nous !\t\t\t\t\t\t<\/a>\n\t\t\t\t\t<\/h3>\n\t\t\t\t\n\t\t\t\t\t\t\t\t\t<p class=\"elementor-icon-box-description\">\n\t\t\t\t\t\tLorem ipsum dolor sit amet, consectetur adipiscing elit. Ut elit tellus, luctus nec ullamcorper mattis, pulvinar dapibus leo.\t\t\t\t\t<\/p>\n\t\t\t\t\n\t\t\t<\/div>\n\t\t\t\n\t\t<\/div>\n\t\t\t\t<\/div>\n\t\t\t\t<\/div>\n\t\t\t\t\t<\/div>\n\t\t\t\t<\/div>\n\t\t<div class=\"elementor-element elementor-element-41790e7 e-flex e-con-boxed e-con e-parent\" data-id=\"41790e7\" data-element_type=\"container\">\n\t\t\t\t\t<div class=\"e-con-inner\">\n\t\t\t\t<div class=\"elementor-element elementor-element-fa8b831 elementor-align-center elementor-widget elementor-widget-button\" data-id=\"fa8b831\" data-element_type=\"widget\" data-widget_type=\"button.default\">\n\t\t\t\t<div class=\"elementor-widget-container\">\n\t\t\t\t\t\t\t<div class=\"elementor-button-wrapper\">\n\t\t\t\t\t<a class=\"elementor-button elementor-button-link elementor-size-sm\" href=\"https:\/\/assurancesogas.site\/index.php\/contact\/\">\n\t\t\t\t\t\t<span class=\"elementor-button-content-wrapper\">\n\t\t\t\t\t\t\t\t\t<span class=\"elementor-button-text\">Contactez-nous !<\/span>\n\t\t\t\t\t<\/span>\n\t\t\t\t\t<\/a>\n\t\t\t\t<\/div>\n\t\t\t\t\t\t<\/div>\n\t\t\t\t<\/div>\n\t\t\t\t\t<\/div>\n\t\t\t\t<\/div>\n\t\t\t\t<\/div>\n\t\t","protected":false},"excerpt":{"rendered":"<p>INDIVIDUELLE ACCIDENTS VIE PRIV\u00c9E &#038; PROFESSIONNELLE Assurance Individuelle Accidents : Prot\u00e9gez votre Vie Priv\u00e9e et Professionnelle Que vous soyez chez vous, au travail ou en voyage, les accidents peuvent survenir \u00e0 tout moment, entra\u00eenant des cons\u00e9quences financi\u00e8res et personnelles importantes. Pour vous prot\u00e9ger, ainsi que votre famille, contre les impr\u00e9vus de la vie, souscrire une [&hellip;]<\/p>\n","protected":false},"author":1,"featured_media":0,"parent":0,"menu_order":0,"comment_status":"closed","ping_status":"closed","template":"","meta":{"_monsterinsights_skip_tracking":false,"_monsterinsights_sitenote_active":false,"_monsterinsights_sitenote_note":"","_monsterinsights_sitenote_category":0,"footnotes":""},"class_list":["post-755","page","type-page","status-publish","hentry"],"aioseo_notices":[],"_links":{"self":[{"href":"https:\/\/assurancesogas.site\/index.php\/wp-json\/wp\/v2\/pages\/755","targetHints":{"allow":["GET"]}}],"collection":[{"href":"https:\/\/assurancesogas.site\/index.php\/wp-json\/wp\/v2\/pages"}],"about":[{"href":"https:\/\/assurancesogas.site\/index.php\/wp-json\/wp\/v2\/types\/page"}],"author":[{"embeddable":true,"href":"https:\/\/assurancesogas.site\/index.php\/wp-json\/wp\/v2\/users\/1"}],"replies":[{"embeddable":true,"href":"https:\/\/assurancesogas.site\/index.php\/wp-json\/wp\/v2\/comments?post=755"}],"version-history":[{"count":7,"href":"https:\/\/assurancesogas.site\/index.php\/wp-json\/wp\/v2\/pages\/755\/revisions"}],"predecessor-version":[{"id":1008,"href":"https:\/\/assurancesogas.site\/index.php\/wp-json\/wp\/v2\/pages\/755\/revisions\/1008"}],"wp:attachment":[{"href":"https:\/\/assurancesogas.site\/index.php\/wp-json\/wp\/v2\/media?parent=755"}],"curies":[{"name":"wp","href":"https:\/\/api.w.org\/{rel}","templated":true}]}}