{"id":753,"date":"2024-04-08T13:49:22","date_gmt":"2024-04-08T13:49:22","guid":{"rendered":"https:\/\/assurancesogas.site\/?page_id=753"},"modified":"2024-04-16T15:23:09","modified_gmt":"2024-04-16T14:23:09","slug":"multirisque-habitation","status":"publish","type":"page","link":"https:\/\/assurancesogas.site\/index.php\/multirisque-habitation\/","title":{"rendered":"multirisque habitation"},"content":{"rendered":"\t\t<div data-elementor-type=\"wp-page\" data-elementor-id=\"753\" class=\"elementor elementor-753\" data-elementor-post-type=\"page\">\n\t\t\t\t<div class=\"elementor-element elementor-element-20f19dc e-flex e-con-boxed e-con e-parent\" data-id=\"20f19dc\" data-element_type=\"container\">\n\t\t\t\t\t<div class=\"e-con-inner\">\n\t\t\t\t<div class=\"elementor-element elementor-element-ddbd826 elementor-widget elementor-widget-image\" data-id=\"ddbd826\" data-element_type=\"widget\" data-widget_type=\"image.default\">\n\t\t\t\t<div class=\"elementor-widget-container\">\n\t\t\t\t\t\t\t\t\t\t\t\t\t<img fetchpriority=\"high\" decoding=\"async\" width=\"735\" height=\"507\" src=\"https:\/\/assurancesogas.site\/wp-content\/uploads\/2024\/04\/Five-Tips-for-Moving-Families.jpg\" class=\"attachment-large size-large wp-image-621\" alt=\"\" srcset=\"https:\/\/assurancesogas.site\/wp-content\/uploads\/2024\/04\/Five-Tips-for-Moving-Families.jpg 735w, https:\/\/assurancesogas.site\/wp-content\/uploads\/2024\/04\/Five-Tips-for-Moving-Families-300x207.jpg 300w\" sizes=\"(max-width: 735px) 100vw, 735px\" \/>\t\t\t\t\t\t\t\t\t\t\t\t\t<\/div>\n\t\t\t\t<\/div>\n\t\t\t\t\t<\/div>\n\t\t\t\t<\/div>\n\t\t<div class=\"elementor-element elementor-element-adfb1e8 e-flex e-con-boxed e-con e-parent\" data-id=\"adfb1e8\" data-element_type=\"container\">\n\t\t\t\t\t<div class=\"e-con-inner\">\n\t\t\t\t<div class=\"elementor-element elementor-element-179e99a elementor-widget elementor-widget-heading\" data-id=\"179e99a\" data-element_type=\"widget\" data-widget_type=\"heading.default\">\n\t\t\t\t<div class=\"elementor-widget-container\">\n\t\t\t<h2 class=\"elementor-heading-title elementor-size-default\">MULTIRISQUE HABITATION<\/h2>\t\t<\/div>\n\t\t\t\t<\/div>\n\t\t\t\t\t<\/div>\n\t\t\t\t<\/div>\n\t\t<div class=\"elementor-element elementor-element-27398d5 e-flex e-con-boxed e-con e-parent\" data-id=\"27398d5\" data-element_type=\"container\">\n\t\t\t\t\t<div class=\"e-con-inner\">\n\t\t\t\t<div class=\"elementor-element elementor-element-c994c91 elementor-widget elementor-widget-text-editor\" data-id=\"c994c91\" data-element_type=\"widget\" data-widget_type=\"text-editor.default\">\n\t\t\t\t<div class=\"elementor-widget-container\">\n\t\t\t\t\t\t\t<p>L&rsquo;ASSURANCE HABITATION EST L\u00c0 POUR VOUS PROT\u00c9GER CONTRE LES CATASTROPHES IMPR\u00c9VUES QUI POURRAIENT D\u00c9VASTER VOTRE MAISON ET VOS BIENS. ELLE OFFRE UNE COUVERTURE COMPL\u00c8TE DES DOMMAGES, VOUS PERMETTANT AINSI D&rsquo;\u00c9CONOMISER VOTRE ARGENT DUREMENT GAGN\u00c9. DE PLUS, L&rsquo;ASSURANCE HABITATION VOUS PROT\u00c8GE \u00c9GALEMENT EN CAS DE RESPONSABILIT\u00c9 CIVILE ET RESPONSAVILITE CHEF DE FAMILLE, VOUS \u00c9VITANT D&rsquo;\u00caTRE POURSUIVI POUR LES ACCIDENTS SURVENANT SUR VOTRE PROPRI\u00c9T\u00c9.\u00a0<\/p>\t\t\t\t\t\t<\/div>\n\t\t\t\t<\/div>\n\t\t\t\t\t<\/div>\n\t\t\t\t<\/div>\n\t\t<div class=\"elementor-element elementor-element-37e8bf7 e-flex e-con-boxed e-con e-parent\" data-id=\"37e8bf7\" data-element_type=\"container\">\n\t\t\t\t\t<div class=\"e-con-inner\">\n\t\t\t\t<div class=\"elementor-element elementor-element-7687762 elementor-view-default elementor-position-top elementor-mobile-position-top elementor-widget elementor-widget-icon-box\" data-id=\"7687762\" data-element_type=\"widget\" data-widget_type=\"icon-box.default\">\n\t\t\t\t<div class=\"elementor-widget-container\">\n\t\t\t\t\t<div class=\"elementor-icon-box-wrapper\">\n\n\t\t\t\t\t\t<div class=\"elementor-icon-box-icon\">\n\t\t\t\t<a href=\"https:\/\/assurancesogas.site\/index.php\/contact\/\" class=\"elementor-icon elementor-animation-\" tabindex=\"-1\">\n\t\t\t\t<svg aria-hidden=\"true\" class=\"e-font-icon-svg e-fas-phone-square-alt\" viewBox=\"0 0 448 512\" xmlns=\"http:\/\/www.w3.org\/2000\/svg\"><path d=\"M400 32H48A48 48 0 0 0 0 80v352a48 48 0 0 0 48 48h352a48 48 0 0 0 48-48V80a48 48 0 0 0-48-48zm-16.39 307.37l-15 65A15 15 0 0 1 354 416C194 416 64 286.29 64 126a15.7 15.7 0 0 1 11.63-14.61l65-15A18.23 18.23 0 0 1 144 96a16.27 16.27 0 0 1 13.79 9.09l30 70A17.9 17.9 0 0 1 189 181a17 17 0 0 1-5.5 11.61l-37.89 31a231.91 231.91 0 0 0 110.78 110.78l31-37.89A17 17 0 0 1 299 291a17.85 17.85 0 0 1 5.91 1.21l70 30A16.25 16.25 0 0 1 384 336a17.41 17.41 0 0 1-.39 3.37z\"><\/path><\/svg>\t\t\t\t<\/a>\n\t\t\t<\/div>\n\t\t\t\n\t\t\t\t\t\t<div class=\"elementor-icon-box-content\">\n\n\t\t\t\t\t\t\t\t\t<h3 class=\"elementor-icon-box-title\">\n\t\t\t\t\t\t<a href=\"https:\/\/assurancesogas.site\/index.php\/contact\/\" >\n\t\t\t\t\t\t\tcontactez- nous !\t\t\t\t\t\t<\/a>\n\t\t\t\t\t<\/h3>\n\t\t\t\t\n\t\t\t\t\t\t\t\t\t<p class=\"elementor-icon-box-description\">\n\t\t\t\t\t\tLorem ipsum dolor sit amet, consectetur adipiscing elit. Ut elit tellus, luctus nec ullamcorper mattis, pulvinar dapibus leo.\t\t\t\t\t<\/p>\n\t\t\t\t\n\t\t\t<\/div>\n\t\t\t\n\t\t<\/div>\n\t\t\t\t<\/div>\n\t\t\t\t<\/div>\n\t\t\t\t<div class=\"elementor-element elementor-element-ae65b82 elementor-align-center elementor-widget elementor-widget-button\" data-id=\"ae65b82\" data-element_type=\"widget\" data-widget_type=\"button.default\">\n\t\t\t\t<div class=\"elementor-widget-container\">\n\t\t\t\t\t\t\t<div class=\"elementor-button-wrapper\">\n\t\t\t\t\t<a class=\"elementor-button elementor-button-link elementor-size-sm\" href=\"https:\/\/assurancesogas.site\/index.php\/contact\/\">\n\t\t\t\t\t\t<span class=\"elementor-button-content-wrapper\">\n\t\t\t\t\t\t\t\t\t<span class=\"elementor-button-text\">Contactez-nous !<\/span>\n\t\t\t\t\t<\/span>\n\t\t\t\t\t<\/a>\n\t\t\t\t<\/div>\n\t\t\t\t\t\t<\/div>\n\t\t\t\t<\/div>\n\t\t\t\t\t<\/div>\n\t\t\t\t<\/div>\n\t\t\t\t<\/div>\n\t\t","protected":false},"excerpt":{"rendered":"<p>MULTIRISQUE HABITATION L&rsquo;ASSURANCE HABITATION EST L\u00c0 POUR VOUS PROT\u00c9GER CONTRE LES CATASTROPHES IMPR\u00c9VUES QUI POURRAIENT D\u00c9VASTER VOTRE MAISON ET VOS BIENS. ELLE OFFRE UNE COUVERTURE COMPL\u00c8TE DES DOMMAGES, VOUS PERMETTANT AINSI D&rsquo;\u00c9CONOMISER VOTRE ARGENT DUREMENT GAGN\u00c9. DE PLUS, L&rsquo;ASSURANCE HABITATION VOUS PROT\u00c8GE \u00c9GALEMENT EN CAS DE RESPONSABILIT\u00c9 CIVILE ET RESPONSAVILITE CHEF DE FAMILLE, VOUS \u00c9VITANT [&hellip;]<\/p>\n","protected":false},"author":1,"featured_media":0,"parent":0,"menu_order":0,"comment_status":"closed","ping_status":"closed","template":"","meta":{"_monsterinsights_skip_tracking":false,"_monsterinsights_sitenote_active":false,"_monsterinsights_sitenote_note":"","_monsterinsights_sitenote_category":0,"footnotes":""},"class_list":["post-753","page","type-page","status-publish","hentry"],"aioseo_notices":[],"_links":{"self":[{"href":"https:\/\/assurancesogas.site\/index.php\/wp-json\/wp\/v2\/pages\/753","targetHints":{"allow":["GET"]}}],"collection":[{"href":"https:\/\/assurancesogas.site\/index.php\/wp-json\/wp\/v2\/pages"}],"about":[{"href":"https:\/\/assurancesogas.site\/index.php\/wp-json\/wp\/v2\/types\/page"}],"author":[{"embeddable":true,"href":"https:\/\/assurancesogas.site\/index.php\/wp-json\/wp\/v2\/users\/1"}],"replies":[{"embeddable":true,"href":"https:\/\/assurancesogas.site\/index.php\/wp-json\/wp\/v2\/comments?post=753"}],"version-history":[{"count":4,"href":"https:\/\/assurancesogas.site\/index.php\/wp-json\/wp\/v2\/pages\/753\/revisions"}],"predecessor-version":[{"id":1001,"href":"https:\/\/assurancesogas.site\/index.php\/wp-json\/wp\/v2\/pages\/753\/revisions\/1001"}],"wp:attachment":[{"href":"https:\/\/assurancesogas.site\/index.php\/wp-json\/wp\/v2\/media?parent=753"}],"curies":[{"name":"wp","href":"https:\/\/api.w.org\/{rel}","templated":true}]}}