{"id":653,"date":"2024-04-06T12:19:49","date_gmt":"2024-04-06T12:19:49","guid":{"rendered":"https:\/\/assurancesogas.site\/?page_id=653"},"modified":"2024-07-05T13:26:03","modified_gmt":"2024-07-05T12:26:03","slug":"assurancesogas-site","status":"publish","type":"page","link":"https:\/\/assurancesogas.site\/index.php\/assurancesogas-site\/","title":{"rendered":"Assurance auto"},"content":{"rendered":"\t\t<div data-elementor-type=\"wp-page\" data-elementor-id=\"653\" class=\"elementor elementor-653\" data-elementor-post-type=\"page\">\n\t\t\t\t<div class=\"elementor-element elementor-element-b6ee4f2 e-flex e-con-boxed e-con e-parent\" data-id=\"b6ee4f2\" data-element_type=\"container\">\n\t\t\t\t\t<div class=\"e-con-inner\">\n\t\t<div class=\"elementor-element elementor-element-6369587 e-con-full e-flex e-con e-child\" data-id=\"6369587\" data-element_type=\"container\">\n\t\t\t\t<div class=\"elementor-element elementor-element-6be417b elementor-widget elementor-widget-heading\" data-id=\"6be417b\" data-element_type=\"widget\" data-widget_type=\"heading.default\">\n\t\t\t\t<div class=\"elementor-widget-container\">\n\t\t\t<h1 class=\"elementor-heading-title elementor-size-default\">Assurance automobile<\/h1>\t\t<\/div>\n\t\t\t\t<\/div>\n\t\t\t\t<div class=\"elementor-element elementor-element-274a5f7 elementor-widget elementor-widget-text-editor\" data-id=\"274a5f7\" data-element_type=\"widget\" data-widget_type=\"text-editor.default\">\n\t\t\t\t<div class=\"elementor-widget-container\">\n\t\t\t\t\t\t\t<p>couvre les dommages (mat\u00e9riels, immat\u00e9riels et corporel) que le conducteur peut causer avec son v\u00e9hicule aux autres personnes (tiers) ainsi qu&rsquo;\u00e0 leur v\u00e9hicule ou \u00e0 tout autre bien. ne couvre pas les dommages corporels ou mat\u00e9riels caus\u00e9 au conducteur lui-m\u00eame ou \u00e0 ses proches.<\/p>\t\t\t\t\t\t<\/div>\n\t\t\t\t<\/div>\n\t\t\t\t<\/div>\n\t\t<div class=\"elementor-element elementor-element-9262dc8 e-con-full e-flex e-con e-child\" data-id=\"9262dc8\" data-element_type=\"container\">\n\t\t\t\t<div class=\"elementor-element elementor-element-ccdc0f3 elementor-shape-rounded elementor-grid-0 e-grid-align-center elementor-widget elementor-widget-social-icons\" data-id=\"ccdc0f3\" data-element_type=\"widget\" data-widget_type=\"social-icons.default\">\n\t\t\t\t<div class=\"elementor-widget-container\">\n\t\t\t\t\t<div class=\"elementor-social-icons-wrapper elementor-grid\">\n\t\t\t\t\t\t\t<span class=\"elementor-grid-item\">\n\t\t\t\t\t<a class=\"elementor-icon elementor-social-icon elementor-social-icon-facebook elementor-repeater-item-2747a2b\" href=\"https:\/\/www.facebook.com\/profile.php?id=100093243506889&#038;locale=fr_FR\" target=\"_blank\" rel=\"noopener\">\n\t\t\t\t\t\t<span class=\"elementor-screen-only\">Facebook<\/span>\n\t\t\t\t\t\t<svg class=\"e-font-icon-svg e-fab-facebook\" viewBox=\"0 0 512 512\" xmlns=\"http:\/\/www.w3.org\/2000\/svg\"><path d=\"M504 256C504 119 393 8 256 8S8 119 8 256c0 123.78 90.69 226.38 209.25 245V327.69h-63V256h63v-54.64c0-62.15 37-96.48 93.67-96.48 27.14 0 55.52 4.84 55.52 4.84v61h-31.28c-30.8 0-40.41 19.12-40.41 38.73V256h68.78l-11 71.69h-57.78V501C413.31 482.38 504 379.78 504 256z\"><\/path><\/svg>\t\t\t\t\t<\/a>\n\t\t\t\t<\/span>\n\t\t\t\t\t\t\t<span class=\"elementor-grid-item\">\n\t\t\t\t\t<a class=\"elementor-icon elementor-social-icon elementor-social-icon-twitter elementor-repeater-item-71fcb33\" target=\"_blank\">\n\t\t\t\t\t\t<span class=\"elementor-screen-only\">Twitter<\/span>\n\t\t\t\t\t\t<svg class=\"e-font-icon-svg e-fab-twitter\" viewBox=\"0 0 512 512\" xmlns=\"http:\/\/www.w3.org\/2000\/svg\"><path d=\"M459.37 151.716c.325 4.548.325 9.097.325 13.645 0 138.72-105.583 298.558-298.558 298.558-59.452 0-114.68-17.219-161.137-47.106 8.447.974 16.568 1.299 25.34 1.299 49.055 0 94.213-16.568 130.274-44.832-46.132-.975-84.792-31.188-98.112-72.772 6.498.974 12.995 1.624 19.818 1.624 9.421 0 18.843-1.3 27.614-3.573-48.081-9.747-84.143-51.98-84.143-102.985v-1.299c13.969 7.797 30.214 12.67 47.431 13.319-28.264-18.843-46.781-51.005-46.781-87.391 0-19.492 5.197-37.36 14.294-52.954 51.655 63.675 129.3 105.258 216.365 109.807-1.624-7.797-2.599-15.918-2.599-24.04 0-57.828 46.782-104.934 104.934-104.934 30.213 0 57.502 12.67 76.67 33.137 23.715-4.548 46.456-13.32 66.599-25.34-7.798 24.366-24.366 44.833-46.132 57.827 21.117-2.273 41.584-8.122 60.426-16.243-14.292 20.791-32.161 39.308-52.628 54.253z\"><\/path><\/svg>\t\t\t\t\t<\/a>\n\t\t\t\t<\/span>\n\t\t\t\t\t\t\t<span class=\"elementor-grid-item\">\n\t\t\t\t\t<a class=\"elementor-icon elementor-social-icon elementor-social-icon-instagram elementor-repeater-item-2b7a84f\" href=\"https:\/\/www.instagram.com\/sogasassurance?utm_source=ig_web_button_share_sheet&#038;igsh=ZDNlZDc0MzIxNw==\" target=\"_blank\" rel=\"noopener\">\n\t\t\t\t\t\t<span class=\"elementor-screen-only\">Instagram<\/span>\n\t\t\t\t\t\t<svg class=\"e-font-icon-svg e-fab-instagram\" viewBox=\"0 0 448 512\" xmlns=\"http:\/\/www.w3.org\/2000\/svg\"><path d=\"M224.1 141c-63.6 0-114.9 51.3-114.9 114.9s51.3 114.9 114.9 114.9S339 319.5 339 255.9 287.7 141 224.1 141zm0 189.6c-41.1 0-74.7-33.5-74.7-74.7s33.5-74.7 74.7-74.7 74.7 33.5 74.7 74.7-33.6 74.7-74.7 74.7zm146.4-194.3c0 14.9-12 26.8-26.8 26.8-14.9 0-26.8-12-26.8-26.8s12-26.8 26.8-26.8 26.8 12 26.8 26.8zm76.1 27.2c-1.7-35.9-9.9-67.7-36.2-93.9-26.2-26.2-58-34.4-93.9-36.2-37-2.1-147.9-2.1-184.9 0-35.8 1.7-67.6 9.9-93.9 36.1s-34.4 58-36.2 93.9c-2.1 37-2.1 147.9 0 184.9 1.7 35.9 9.9 67.7 36.2 93.9s58 34.4 93.9 36.2c37 2.1 147.9 2.1 184.9 0 35.9-1.7 67.7-9.9 93.9-36.2 26.2-26.2 34.4-58 36.2-93.9 2.1-37 2.1-147.8 0-184.8zM398.8 388c-7.8 19.6-22.9 34.7-42.6 42.6-29.5 11.7-99.5 9-132.1 9s-102.7 2.6-132.1-9c-19.6-7.8-34.7-22.9-42.6-42.6-11.7-29.5-9-99.5-9-132.1s-2.6-102.7 9-132.1c7.8-19.6 22.9-34.7 42.6-42.6 29.5-11.7 99.5-9 132.1-9s102.7-2.6 132.1 9c19.6 7.8 34.7 22.9 42.6 42.6 11.7 29.5 9 99.5 9 132.1s2.7 102.7-9 132.1z\"><\/path><\/svg>\t\t\t\t\t<\/a>\n\t\t\t\t<\/span>\n\t\t\t\t\t\t\t<span class=\"elementor-grid-item\">\n\t\t\t\t\t<a class=\"elementor-icon elementor-social-icon elementor-social-icon-linkedin elementor-repeater-item-5d10428\" target=\"_blank\">\n\t\t\t\t\t\t<span class=\"elementor-screen-only\">Linkedin<\/span>\n\t\t\t\t\t\t<svg class=\"e-font-icon-svg e-fab-linkedin\" viewBox=\"0 0 448 512\" xmlns=\"http:\/\/www.w3.org\/2000\/svg\"><path d=\"M416 32H31.9C14.3 32 0 46.5 0 64.3v383.4C0 465.5 14.3 480 31.9 480H416c17.6 0 32-14.5 32-32.3V64.3c0-17.8-14.4-32.3-32-32.3zM135.4 416H69V202.2h66.5V416zm-33.2-243c-21.3 0-38.5-17.3-38.5-38.5S80.9 96 102.2 96c21.2 0 38.5 17.3 38.5 38.5 0 21.3-17.2 38.5-38.5 38.5zm282.1 243h-66.4V312c0-24.8-.5-56.7-34.5-56.7-34.6 0-39.9 27-39.9 54.9V416h-66.4V202.2h63.7v29.2h.9c8.9-16.8 30.6-34.5 62.9-34.5 67.2 0 79.7 44.3 79.7 101.9V416z\"><\/path><\/svg>\t\t\t\t\t<\/a>\n\t\t\t\t<\/span>\n\t\t\t\t\t<\/div>\n\t\t\t\t<\/div>\n\t\t\t\t<\/div>\n\t\t\t\t<\/div>\n\t\t<div class=\"elementor-element elementor-element-dee6305 e-con-full e-flex e-con e-child\" data-id=\"dee6305\" data-element_type=\"container\">\n\t\t\t\t<div class=\"elementor-element elementor-element-ee377b7 elementor-widget elementor-widget-image\" data-id=\"ee377b7\" data-element_type=\"widget\" data-widget_type=\"image.default\">\n\t\t\t\t<div class=\"elementor-widget-container\">\n\t\t\t\t\t\t\t\t\t\t\t\t\t<img fetchpriority=\"high\" decoding=\"async\" width=\"736\" height=\"387\" src=\"https:\/\/assurancesogas.site\/wp-content\/uploads\/2024\/04\/What-you-need-to-know-about-Hurricane-insurance-_-The-New-Tropic.jpg\" class=\"attachment-large size-large wp-image-641\" alt=\"Assurance auto\" srcset=\"https:\/\/assurancesogas.site\/wp-content\/uploads\/2024\/04\/What-you-need-to-know-about-Hurricane-insurance-_-The-New-Tropic.jpg 736w, https:\/\/assurancesogas.site\/wp-content\/uploads\/2024\/04\/What-you-need-to-know-about-Hurricane-insurance-_-The-New-Tropic-300x158.jpg 300w\" sizes=\"(max-width: 736px) 100vw, 736px\" \/>\t\t\t\t\t\t\t\t\t\t\t\t\t<\/div>\n\t\t\t\t<\/div>\n\t\t\t\t<\/div>\n\t\t\t\t\t<\/div>\n\t\t\t\t<\/div>\n\t\t<div class=\"elementor-element elementor-element-251dc8d e-flex e-con-boxed e-con e-parent\" data-id=\"251dc8d\" data-element_type=\"container\">\n\t\t\t\t\t<div class=\"e-con-inner\">\n\t\t\t\t<div class=\"elementor-element elementor-element-c1980bf elementor-widget elementor-widget-text-editor\" data-id=\"c1980bf\" data-element_type=\"widget\" data-widget_type=\"text-editor.default\">\n\t\t\t\t<div class=\"elementor-widget-container\">\n\t\t\t\t\t\t\t<h1>Avantages de assurance auto : Prot\u00e9gez votre vie et votre entreprise<\/h1><p>L&rsquo;assurance auto est plus qu&rsquo;une simple exigence l\u00e9gale. Il s&rsquo;agit d&rsquo;un excellent investissement pour prot\u00e9ger votre sant\u00e9 et vos finances. Que vous soyez un bon conducteur ou non, les avantages de souscrire une assurance automobile sont nombreux et importants.<\/p><h2>1. Protection financi\u00e8re<\/h2><p>L&rsquo;une des caract\u00e9ristiques les plus populaires de l&rsquo; assurance automobile est la protection financi\u00e8re en cas d&rsquo;accident. Les frais m\u00e9dicaux, les r\u00e9parations automobiles et les frais juridiques peuvent s&rsquo;accumuler rapidement apr\u00e8s un accident. Une bonne police d&rsquo;assurance automobile peut couvrir la plupart, sinon la totalit\u00e9, de ces d\u00e9penses, vous \u00e9pargnant ainsi des probl\u00e8mes financiers impr\u00e9vus.<\/p><h2>\u00a02. Conformit\u00e9 l\u00e9gale<\/h2><p>Dans de nombreux pays, avoir une assurance auto est une obligation l\u00e9gale. Conduire sans assurance peut entra\u00eener de lourdes amendes, une suspension du permis de conduire ou des poursuites judiciaires. Souscrire une assurance automobile vous garantit de respecter la loi, \u00e9vitant ainsi les probl\u00e8mes juridiques et financiers.<\/p><h2>\u00a03. Couverture des accidents<\/h2><p>En plus des accidents, l&rsquo;assurance auto vous prot\u00e8ge \u00e9galement contre d&rsquo;autres \u00e9v\u00e9nements impr\u00e9vus tels que le vol, les cambriolages, les dommages caus\u00e9s par les intemp\u00e9ries, les collisions et la faune. Votre voiture peut subir des dommages importants, mais une bonne assurance automobile peut vous apporter la tranquillit\u00e9 d&rsquo;esprit en sachant que vous \u00eates prot\u00e9g\u00e9 contre ces risques.<\/p><h2>4. Assistance routi\u00e8re<\/h2><p>La plupart des polices d&rsquo;assurance automobile incluent une assistance routi\u00e8re telle que le d\u00e9pannage, le remorquage et les crevaisons. Si un accident survient sur la route, ces services sont extr\u00eamement utiles et peuvent vous aider \u00e0 revenir rapidement et en toute s\u00e9curit\u00e9.<\/p><h2>\u00a05. Planification<\/h2><p>Les compagnies d&rsquo;assurance sogas offrent souvent une vari\u00e9t\u00e9 d&rsquo;options pour r\u00e9pondre \u00e0 vos besoins. Que vous ayez besoin d&rsquo;une assurance priv\u00e9e ou d&rsquo;une autre protection, notamment contre les dommages mat\u00e9riels, le vol ou les catastrophes naturelles, vous disposez d&rsquo;options en fonction de vos besoins et de votre budget.<\/p><h2>Conclusion<\/h2><p>Bref, avoir une assurance\u00a0 est important pour prot\u00e9ger sa vie et ses finances. Des avantages tels que la protection financi\u00e8re en cas d&rsquo;accident, la conformit\u00e9 l\u00e9gale, la protection contre les accidents, l&rsquo;assistance routi\u00e8re et les options de personnalisation font de l&rsquo;assurance automobile un investissement rentable pour tout conducteur. Ne laissez pas le risque de ne pas \u00eatre assur\u00e9 nuire \u00e0 votre s\u00e9curit\u00e9 et \u00e0 votre stabilit\u00e9 financi\u00e8re \u2013 souscrivez une assurance d\u00e8s aujourd&rsquo;hui. Pour en savoir plus sur les prestations d&rsquo;assurance automobile et trouver le service qui r\u00e9pond le mieux \u00e0 vos besoins, visitez [<a href=\"https:\/\/assurancesogas.site\/\">assurancesogas.site<\/a>].<\/p>\t\t\t\t\t\t<\/div>\n\t\t\t\t<\/div>\n\t\t\t\t<div class=\"elementor-element elementor-element-5ead44a elementor-align-center elementor-widget elementor-widget-button\" data-id=\"5ead44a\" data-element_type=\"widget\" data-widget_type=\"button.default\">\n\t\t\t\t<div class=\"elementor-widget-container\">\n\t\t\t\t\t\t\t<div class=\"elementor-button-wrapper\">\n\t\t\t\t\t<a class=\"elementor-button elementor-button-link elementor-size-sm\" href=\"https:\/\/assurancesogas.site\/index.php\/contact\/\">\n\t\t\t\t\t\t<span class=\"elementor-button-content-wrapper\">\n\t\t\t\t\t\t\t\t\t<span class=\"elementor-button-text\">contactez-nous !<\/span>\n\t\t\t\t\t<\/span>\n\t\t\t\t\t<\/a>\n\t\t\t\t<\/div>\n\t\t\t\t\t\t<\/div>\n\t\t\t\t<\/div>\n\t\t\t\t\t<\/div>\n\t\t\t\t<\/div>\n\t\t<div class=\"elementor-element elementor-element-fbb8ec0 e-flex e-con-boxed e-con e-parent\" data-id=\"fbb8ec0\" data-element_type=\"container\">\n\t\t\t\t\t<div class=\"e-con-inner\">\n\t\t\t\t<div class=\"elementor-element elementor-element-8045a9e elementor-widget elementor-widget-heading\" data-id=\"8045a9e\" data-element_type=\"widget\" data-widget_type=\"heading.default\">\n\t\t\t\t<div class=\"elementor-widget-container\">\n\t\t\t<h2 class=\"elementor-heading-title elementor-size-default\">Conseils pour Assurance auto<\/h2>\t\t<\/div>\n\t\t\t\t<\/div>\n\t\t\t\t<div class=\"elementor-element elementor-element-59459de elementor-widget elementor-widget-text-editor\" data-id=\"59459de\" data-element_type=\"widget\" data-widget_type=\"text-editor.default\">\n\t\t\t\t<div class=\"elementor-widget-container\">\n\t\t\t\t\t\t\t<p>Trouvez une assurance auto abordable et \u00e9conomisez avec Assurancesogas.site Obtenez la couverture dont vous avez besoin \u00e0 un prix abordable. contactez-nous aujourd&rsquo;hui!<\/p>\t\t\t\t\t\t<\/div>\n\t\t\t\t<\/div>\n\t\t\t\t<div class=\"elementor-element elementor-element-2efe6d7 elementor-arrows-position-inside elementor-pagination-position-outside elementor-widget elementor-widget-image-carousel\" data-id=\"2efe6d7\" data-element_type=\"widget\" data-settings=\"{&quot;navigation&quot;:&quot;both&quot;,&quot;autoplay&quot;:&quot;yes&quot;,&quot;pause_on_hover&quot;:&quot;yes&quot;,&quot;pause_on_interaction&quot;:&quot;yes&quot;,&quot;autoplay_speed&quot;:5000,&quot;infinite&quot;:&quot;yes&quot;,&quot;speed&quot;:500}\" data-widget_type=\"image-carousel.default\">\n\t\t\t\t<div class=\"elementor-widget-container\">\n\t\t\t\t\t<div class=\"elementor-image-carousel-wrapper swiper\" dir=\"ltr\">\n\t\t\t<div class=\"elementor-image-carousel swiper-wrapper\" aria-live=\"off\">\n\t\t\t\t\t\t\t\t<div class=\"swiper-slide\" role=\"group\" aria-roledescription=\"slide\" aria-label=\"1 sur 4\"><figure class=\"swiper-slide-inner\"><img decoding=\"async\" class=\"swiper-slide-image\" src=\"https:\/\/assurancesogas.site\/wp-content\/uploads\/2024\/04\/Insatisfait-de-votre-assureur-automobile_-Voici-quoi-faire.jpg\" alt=\"Assurance auto\" \/><\/figure><\/div><div class=\"swiper-slide\" role=\"group\" aria-roledescription=\"slide\" aria-label=\"2 sur 4\"><figure class=\"swiper-slide-inner\"><img decoding=\"async\" class=\"swiper-slide-image\" src=\"https:\/\/assurancesogas.site\/wp-content\/uploads\/2024\/04\/Reporting-an-Accident-to-Insurance_-Everything-You-Need-to-Know.jpg\" alt=\"Assurance auto\" \/><\/figure><\/div><div class=\"swiper-slide\" role=\"group\" aria-roledescription=\"slide\" aria-label=\"3 sur 4\"><figure class=\"swiper-slide-inner\"><img decoding=\"async\" class=\"swiper-slide-image\" src=\"https:\/\/assurancesogas.site\/wp-content\/uploads\/2024\/04\/40\u4ee3\u3067\u8caf\u91d1\u30bc\u30ed\u306e\u4eba\u304c\u3053\u308c\u304b\u3089\u304a\u91d1\u3092\u8caf\u3081\u308b\u305f\u3081\u306b\u306f\uff1f-\u9810\u91d1\u30fb\u8caf\u91d1-All-About.jpg\" alt=\"Assurance auto\" \/><\/figure><\/div><div class=\"swiper-slide\" role=\"group\" aria-roledescription=\"slide\" aria-label=\"4 sur 4\"><figure class=\"swiper-slide-inner\"><img decoding=\"async\" class=\"swiper-slide-image\" src=\"https:\/\/assurancesogas.site\/wp-content\/uploads\/2024\/04\/How-to-Lower-your-Insurance-Bill-_-RightSure-520-917-5295-1.jpg\" alt=\"Assurance auto\" \/><\/figure><\/div>\t\t\t<\/div>\n\t\t\t\t\t\t\t\t\t\t\t\t<div class=\"elementor-swiper-button elementor-swiper-button-prev\" role=\"button\" tabindex=\"0\">\n\t\t\t\t\t\t<svg aria-hidden=\"true\" class=\"e-font-icon-svg e-eicon-chevron-left\" viewBox=\"0 0 1000 1000\" xmlns=\"http:\/\/www.w3.org\/2000\/svg\"><path d=\"M646 125C629 125 613 133 604 142L308 442C296 454 292 471 292 487 292 504 296 521 308 533L604 854C617 867 629 875 646 875 663 875 679 871 692 858 704 846 713 829 713 812 713 796 708 779 692 767L438 487 692 225C700 217 708 204 708 187 708 171 704 154 692 142 675 129 663 125 646 125Z\"><\/path><\/svg>\t\t\t\t\t<\/div>\n\t\t\t\t\t<div class=\"elementor-swiper-button elementor-swiper-button-next\" role=\"button\" tabindex=\"0\">\n\t\t\t\t\t\t<svg aria-hidden=\"true\" class=\"e-font-icon-svg e-eicon-chevron-right\" viewBox=\"0 0 1000 1000\" xmlns=\"http:\/\/www.w3.org\/2000\/svg\"><path d=\"M696 533C708 521 713 504 713 487 713 471 708 454 696 446L400 146C388 133 375 125 354 125 338 125 325 129 313 142 300 154 292 171 292 187 292 204 296 221 308 233L563 492 304 771C292 783 288 800 288 817 288 833 296 850 308 863 321 871 338 875 354 875 371 875 388 867 400 854L696 533Z\"><\/path><\/svg>\t\t\t\t\t<\/div>\n\t\t\t\t\n\t\t\t\t\t\t\t\t\t<div class=\"swiper-pagination\"><\/div>\n\t\t\t\t\t\t\t\t\t<\/div>\n\t\t\t\t<\/div>\n\t\t\t\t<\/div>\n\t\t\t\t\t<\/div>\n\t\t\t\t<\/div>\n\t\t<div class=\"elementor-element elementor-element-d43b99f e-flex e-con-boxed e-con e-parent\" data-id=\"d43b99f\" data-element_type=\"container\">\n\t\t\t\t\t<div class=\"e-con-inner\">\n\t\t\t\t<div class=\"elementor-element elementor-element-2952630 elementor-widget elementor-widget-heading\" data-id=\"2952630\" data-element_type=\"widget\" data-widget_type=\"heading.default\">\n\t\t\t\t<div class=\"elementor-widget-container\">\n\t\t\t<h2 class=\"elementor-heading-title elementor-size-default\">Assurance Auto : Tout ce que vous devez savoir<\/h2>\t\t<\/div>\n\t\t\t\t<\/div>\n\t\t\t\t<div class=\"elementor-element elementor-element-a030aeb elementor-widget elementor-widget-text-editor\" data-id=\"a030aeb\" data-element_type=\"widget\" data-widget_type=\"text-editor.default\">\n\t\t\t\t<div class=\"elementor-widget-container\">\n\t\t\t\t\t\t\t<p>L&rsquo;assurance automobile est un \u00e9l\u00e9ment crucial de la s\u00e9curit\u00e9 routi\u00e8re et de la protection financi\u00e8re des conducteurs. Dans cet article, nous examinerons les aspects essentiels de l&rsquo;assurance automobile, accompagn\u00e9s de questions fr\u00e9quemment pos\u00e9es (FAQ) pour vous guider \u00e0 travers ce domaine complexe.<\/p><p><strong>questions courantes Assurance Automobile<\/strong><\/p><p><strong>1. Qu&rsquo;est-ce que l&rsquo;assurance automobile ?<\/strong><\/p><p>L&rsquo;assurance automobile est un contrat entre un conducteur et une compagnie d&rsquo;assurance. En \u00e9change du paiement d&rsquo;une prime, l&rsquo;assureur s&rsquo;engage \u00e0 indemniser le conducteur en cas de dommages mat\u00e9riels ou de blessures corporelles caus\u00e9s \u00e0 lui-m\u00eame ou \u00e0 d&rsquo;autres personnes lors d&rsquo;un accident de voiture.<\/p><p><strong>2. Quels sont les types d&rsquo;assurance automobile disponibles ?<\/strong><\/p><p>Il existe plusieurs types d&rsquo;assurance automobile, notamment :<\/p><ul><li>Assurance responsabilit\u00e9 civile : Obligatoire dans la plupart des pays, elle couvre les dommages caus\u00e9s \u00e0 autrui en cas d&rsquo;accident.<\/li><li>Assurance tous risques : Offre une protection \u00e9tendue, couvrant les dommages caus\u00e9s \u00e0 votre v\u00e9hicule ainsi que ceux caus\u00e9s \u00e0 d&rsquo;autres.<\/li><li>Assurance collision : Couvre les dommages caus\u00e9s \u00e0 votre v\u00e9hicule en cas de collision avec un autre v\u00e9hicule ou un objet.<\/li><li>Assurance contre le vol : Prot\u00e8ge votre v\u00e9hicule en cas de vol ou de tentative de vol.<\/li><li>Assurance contre les dommages caus\u00e9s par des \u00e9v\u00e9nements naturels : Couvre les dommages caus\u00e9s par des \u00e9v\u00e9nements tels que la gr\u00eale, les temp\u00eates ou les inondations.<\/li><\/ul><p><strong>3. Comment fonctionne la tarification de l&rsquo;assurance automobile ?<\/strong><\/p><p>La prime d&rsquo;assurance automobile est d\u00e9termin\u00e9e en fonction de plusieurs facteurs, notamment :<\/p><ul><li>Le profil du conducteur (\u00e2ge, sexe, exp\u00e9rience de conduite).<\/li><li>Le type de v\u00e9hicule assur\u00e9 (marque, mod\u00e8le, ann\u00e9e de fabrication).<\/li><li>Le lieu de r\u00e9sidence du conducteur.<\/li><li>Le niveau de couverture choisi.<\/li><\/ul><p><strong>4. Que faire en cas d&rsquo;accident de voiture ?<\/strong><\/p><p>En cas d&rsquo;accident, suivez ces \u00e9tapes :<\/p><ul><li>Assurez-vous que tout le monde est en s\u00e9curit\u00e9.<\/li><li>Appelez les services d&rsquo;urgence si n\u00e9cessaire.<\/li><li>\u00c9changez les informations avec les autres conducteurs impliqu\u00e9s.<\/li><li>Prenez des photos des d\u00e9g\u00e2ts et des lieux de l&rsquo;accident.<\/li><li>Contactez votre compagnie d&rsquo;assurance pour signaler l&rsquo;accident et d\u00e9poser une r\u00e9clamation.<\/li><\/ul><p><strong>5. Puis-je ajouter des conducteurs suppl\u00e9mentaires \u00e0 mon assurance automobile ?<\/strong><\/p><p>Oui, la plupart des compagnies d&rsquo;assurance permettent d&rsquo;ajouter des conducteurs suppl\u00e9mentaires \u00e0 votre police moyennant des frais suppl\u00e9mentaires. Cependant, les tarifs et les conditions peuvent varier en fonction de l&rsquo;\u00e2ge, de l&rsquo;exp\u00e9rience de conduite et du dossier de conduite du conducteur suppl\u00e9mentaire.<\/p>\t\t\t\t\t\t<\/div>\n\t\t\t\t<\/div>\n\t\t\t\t\t<\/div>\n\t\t\t\t<\/div>\n\t\t<div class=\"elementor-element elementor-element-7ed7ef2 e-flex e-con-boxed e-con e-parent\" data-id=\"7ed7ef2\" data-element_type=\"container\">\n\t\t\t\t\t<div class=\"e-con-inner\">\n\t\t\t\t\t<\/div>\n\t\t\t\t<\/div>\n\t\t\t\t<\/div>\n\t\t","protected":false},"excerpt":{"rendered":"<p>Assurance automobile couvre les dommages (mat\u00e9riels, immat\u00e9riels et corporel) que le conducteur peut causer avec son v\u00e9hicule aux autres personnes (tiers) ainsi qu&rsquo;\u00e0 leur v\u00e9hicule ou \u00e0 tout autre bien. ne couvre pas les dommages corporels ou mat\u00e9riels caus\u00e9 au conducteur lui-m\u00eame ou \u00e0 ses proches. Facebook Twitter Instagram Linkedin Avantages de assurance auto : [&hellip;]<\/p>\n","protected":false},"author":1,"featured_media":0,"parent":0,"menu_order":0,"comment_status":"closed","ping_status":"closed","template":"elementor_header_footer","meta":{"_monsterinsights_skip_tracking":false,"_monsterinsights_sitenote_active":false,"_monsterinsights_sitenote_note":"","_monsterinsights_sitenote_category":0,"footnotes":""},"class_list":["post-653","page","type-page","status-publish","hentry"],"aioseo_notices":[],"_links":{"self":[{"href":"https:\/\/assurancesogas.site\/index.php\/wp-json\/wp\/v2\/pages\/653","targetHints":{"allow":["GET"]}}],"collection":[{"href":"https:\/\/assurancesogas.site\/index.php\/wp-json\/wp\/v2\/pages"}],"about":[{"href":"https:\/\/assurancesogas.site\/index.php\/wp-json\/wp\/v2\/types\/page"}],"author":[{"embeddable":true,"href":"https:\/\/assurancesogas.site\/index.php\/wp-json\/wp\/v2\/users\/1"}],"replies":[{"embeddable":true,"href":"https:\/\/assurancesogas.site\/index.php\/wp-json\/wp\/v2\/comments?post=653"}],"version-history":[{"count":26,"href":"https:\/\/assurancesogas.site\/index.php\/wp-json\/wp\/v2\/pages\/653\/revisions"}],"predecessor-version":[{"id":1259,"href":"https:\/\/assurancesogas.site\/index.php\/wp-json\/wp\/v2\/pages\/653\/revisions\/1259"}],"wp:attachment":[{"href":"https:\/\/assurancesogas.site\/index.php\/wp-json\/wp\/v2\/media?parent=653"}],"curies":[{"name":"wp","href":"https:\/\/api.w.org\/{rel}","templated":true}]}}